{"id":23,"date":"2019-01-08T17:12:12","date_gmt":"2019-01-08T17:12:12","guid":{"rendered":"http:\/\/www.mazzonitermotecnica.it\/wp\/?page_id=23"},"modified":"2025-02-28T09:16:03","modified_gmt":"2025-02-28T09:16:03","slug":"azienda","status":"publish","type":"page","link":"https:\/\/www.mazzonitermotecnica.it\/index.php\/azienda\/","title":{"rendered":"Azienda"},"content":{"rendered":"<p>[vc_row css_animation=&#8221;&#8221; row_type=&#8221;row&#8221; use_row_as_full_screen_section=&#8221;no&#8221; type=&#8221;grid&#8221; angled_section=&#8221;no&#8221; text_align=&#8221;center&#8221; background_image_as_pattern=&#8221;without_pattern&#8221; el_class=&#8221;py-5&#8243; z_index=&#8221;&#8221;][vc_column width=&#8221;1\/2&#8243;][vc_column_text]<\/p>\n<h1><span class=\"headline-blue black\">Oltre mezzo secolo di attivit\u00e0 ed esperienza nel settore termotecnico<\/span><\/h1>\n<p>[\/vc_column_text][vc_column_text]Forte dell&#8217;esperienza acquisita negli anni,<br \/>\nl&#8217;azienda fornisce materiali di alta tecnologia impiegati in grandi industrie regionali e nazionali, oltre alle molte aziende presenti sul territorio.<br \/>\nLa competitivit\u00e0 \u00e8 il risultato di un mix perfetto fra <strong>prodotti di qualit\u00e0<\/strong> e un <strong>supporto tecnico valido e professionale<\/strong>. Mazzoni Termotecnica \u00e8 un&#8217;azienda storica nel proprio settore e oggi guarda al futuro, soprattutto grazie al Know How ereditato in <strong>oltre due secoli di attivit\u00e0<\/strong> e ad un nuovo spirito imprenditoriale.[\/vc_column_text][\/vc_column][vc_column width=&#8221;1\/2&#8243;][vc_single_image image=&#8221;1070&#8243; img_size=&#8221;medium&#8221; alignment=&#8221;center&#8221; qode_css_animation=&#8221;element_from_right&#8221;][\/vc_column][\/vc_row][vc_row css_animation=&#8221;&#8221; row_type=&#8221;row&#8221; use_row_as_full_screen_section=&#8221;no&#8221; type=&#8221;grid&#8221; angled_section=&#8221;no&#8221; text_align=&#8221;left&#8221; background_image_as_pattern=&#8221;without_pattern&#8221; background_color=&#8221;#ecebeb&#8221; padding_top=&#8221;20&#8243; padding_bottom=&#8221;20&#8243; z_index=&#8221;&#8221;][vc_column width=&#8221;1\/2&#8243;][vc_single_image image=&#8221;240&#8243; img_size=&#8221;full&#8221; alignment=&#8221;center&#8221; qode_css_animation=&#8221;element_from_top&#8221;][\/vc_column][vc_column width=&#8221;1\/2&#8243;][vc_column_text]<\/p>\n<h2 class=\"mb-3\">Core Business<\/h2>\n<p>La nostra missione \u00e8 quella di consentire ai clienti di svolgere il proprio lavoro senza doversi occupare di altro, per concentrarsi esclusivamente su come migliorare la propria posizione competitiva.<br \/>\nIl team di Mazzoni Termotecnica si adopera ogni giorno nell\u2019<strong>applicazione di strategie e tecnologie d&#8217;avanguardia, <\/strong>arrivando dritto al&#8230; cuore della questione, per uno sviluppo sostenibile tra industria, societ\u00e0 ed ambiente.[\/vc_column_text]<a  itemprop=\"url\" href=\"http:\/\/www.mazzonitermotecnica.it\/wp-content\/uploads\/2025\/02\/SurveyCertificate_MAZZONI-TERMOTECNICA-SRL_27_02_2025.pdf\" target=\"_blank\"  class=\"qbutton  default\" style=\"margin: 10px 0 0 0; \">Azienda Certificata ESG 2024<\/a>[\/vc_column][\/vc_row][vc_row css_animation=&#8221;&#8221; row_type=&#8221;row&#8221; use_row_as_full_screen_section=&#8221;no&#8221; type=&#8221;grid&#8221; angled_section=&#8221;no&#8221; text_align=&#8221;left&#8221; background_image_as_pattern=&#8221;without_pattern&#8221; background_color=&#8221;#ffffff&#8221; padding_top=&#8221;20&#8243; padding_bottom=&#8221;20&#8243; z_index=&#8221;&#8221;][vc_column width=&#8221;1\/2&#8243;][vc_column_text]<\/p>\n<h2 class=\"mb-3\">Etica Aziendale<\/h2>\n<p>Nel corso degli anni Mazzoni Termotecnica ha creato un\u2019immagine di considerevole stima, che trova riscontro nell&#8217;adozione di un&#8217;etica nei processi aziendali <strong>a vantaggio dell&#8217;operativit\u00e0 e dello sviluppo<\/strong>, sia in qualit\u00e0 sia in competitivit\u00e0.<br \/>\nL&#8217;etica dell&#8217;azienda si identifica quindi nel rispetto di un complesso di principi &#8211; morali e sociali &#8211; da parte di tutti gli esponenti aziendali, motivando il rigoroso rispetto di regole di qualit\u00e0 e consolidando i rapporti con i collaboratori.[\/vc_column_text]<a  itemprop=\"url\" href=\"http:\/\/www.mazzonitermotecnica.it\/wp-content\/uploads\/2024\/10\/ISO-9001-CERT-07038-2000-AQ-FLR-SINCERT-5-en-US-20241016.pdf\" target=\"_blank\"  class=\"qbutton  default\" style=\"margin: 10px 0 0 0; \">Azienda Certificata ISO 9001:2015<\/a>[\/vc_column][vc_column width=&#8221;1\/2&#8243;][vc_single_image image=&#8221;239&#8243; img_size=&#8221;full&#8221; alignment=&#8221;center&#8221; qode_css_animation=&#8221;element_from_top&#8221;][\/vc_column][\/vc_row][vc_row css_animation=&#8221;&#8221; row_type=&#8221;row&#8221; use_row_as_full_screen_section=&#8221;no&#8221; type=&#8221;grid&#8221; angled_section=&#8221;no&#8221; text_align=&#8221;left&#8221; background_image_as_pattern=&#8221;without_pattern&#8221; background_color=&#8221;#ecebeb&#8221; padding_top=&#8221;20&#8243; padding_bottom=&#8221;20&#8243; z_index=&#8221;&#8221;][vc_column width=&#8221;1\/2&#8243;][vc_single_image image=&#8221;241&#8243; img_size=&#8221;full&#8221; alignment=&#8221;center&#8221; qode_css_animation=&#8221;element_from_top&#8221;][\/vc_column][vc_column width=&#8221;1\/2&#8243;][vc_column_text]<\/p>\n<h2 class=\"mb-3\">Valori<\/h2>\n<p>Coerenza, trasparenza, professionalit\u00e0, fiducia :<br \/>\n<strong>sono i valori che Mazzoni Termotecnica<\/strong> coltiva scrupolosamente, migliorando la qualit\u00e0 dell&#8217;impresa e delle collaborazioni con clienti e fornitori.[\/vc_column_text]<a  itemprop=\"url\" href=\"http:\/\/www.mazzonitermotecnica.it\/wp-content\/uploads\/2024\/06\/CODICE-ETICO-MT.pdf\" target=\"_blank\"  class=\"qbutton  default\" style=\"margin: 10px 0 0 0; \">Codice Etico Ex D.Lgs. 8\/6\/2001 n.231<\/a>[\/vc_column][\/vc_row][vc_row css_animation=&#8221;&#8221; row_type=&#8221;row&#8221; use_row_as_full_screen_section=&#8221;no&#8221; type=&#8221;grid&#8221; angled_section=&#8221;no&#8221; text_align=&#8221;center&#8221; background_image_as_pattern=&#8221;without_pattern&#8221; background_color=&#8221;#ffffff&#8221; z_index=&#8221;&#8221; el_class=&#8221;py-5&#8243;][vc_column width=&#8221;1\/2&#8243;][vc_single_image image=&#8221;1074&#8243; img_size=&#8221;medium&#8221; alignment=&#8221;center&#8221; qode_css_animation=&#8221;element_from_fade&#8221;][vc_empty_space height=&#8221;10px&#8221;][vc_column_text]<\/p>\n<h3 style=\"text-align: center;\">Company Profile<\/h3>\n<p style=\"text-align: center;\">Sfoglia la brochure realizzata per il 250\u00b0 anniversario.<\/p>\n<p>[\/vc_column_text][vc_empty_space height=&#8221;10px&#8221;]<a  itemprop=\"url\" href=\"http:\/\/www.mazzonitermotecnica.it\/wp-content\/uploads\/2019\/11\/Mazzoni_Brochure_web.pdf\" target=\"_blank\"  class=\"qbutton  default\" style=\"\">Download PDF<\/a>[\/vc_column][vc_column width=&#8221;1\/2&#8243;][vc_single_image image=&#8221;1075&#8243; img_size=&#8221;medium&#8221; alignment=&#8221;center&#8221; qode_css_animation=&#8221;element_from_fade&#8221;][vc_empty_space height=&#8221;10px&#8221;][vc_column_text]<\/p>\n<h3 style=\"text-align: center;\">Catalogo Prodotti<\/h3>\n<p style=\"text-align: center;\">Dai un&#8217;occhiata al nostro vasto assortimento di articoli!<\/p>\n<p>[\/vc_column_text][vc_empty_space height=&#8221;10px&#8221;]<a  itemprop=\"url\" href=\"http:\/\/www.mazzonitermotecnica.it\/wp-content\/uploads\/2024\/06\/Mazzoni-Termotecnica-S.r.l.-Brochure.pdf\" target=\"_blank\"  class=\"qbutton  default\" style=\"\">Download PDF<\/a>[\/vc_column][\/vc_row][vc_row css_animation=&#8221;&#8221; row_type=&#8221;row&#8221; use_row_as_full_screen_section=&#8221;no&#8221; type=&#8221;full_width&#8221; angled_section=&#8221;no&#8221; text_align=&#8221;center&#8221; background_image_as_pattern=&#8221;without_pattern&#8221; background_color=&#8221;#0068a5&#8243; z_index=&#8221;&#8221; el_class=&#8221;pt-5&#8243;][vc_column][vc_column_text el_class=&#8221;mb-5&#8243;]<\/p>\n<h1><span class=\"headline-white white\">Contatti<\/span><\/h1>\n<p>[\/vc_column_text][vc_row_inner row_type=&#8221;row&#8221; type=&#8221;grid&#8221; text_align=&#8221;center&#8221; css_animation=&#8221;element_from_fade&#8221; el_class=&#8221;mt-4&#8243;][vc_column_inner width=&#8221;1\/3&#8243;]<span data-type=\"normal\" data-hover-icon-color=\"#00466f\" class=\"qode_icon_shortcode  q_font_awsome_icon fa-3x  q_icon_animation\" style=\"margin: 0 0 20px 0; \"><i class=\"qode_icon_font_awesome fa fa-map-marker qode_icon_element\" style=\"color: #ffffff;\" ><\/i><\/span>[vc_column_text]<span class=\"white\">Via Popolesco 86 &#8211; 86\/A, Montemurlo (PO)<\/span>[\/vc_column_text][\/vc_column_inner][vc_column_inner width=&#8221;1\/3&#8243;]<span data-type=\"normal\" data-hover-icon-color=\"#00466f\" class=\"qode_icon_shortcode  q_font_awsome_icon fa-3x  q_icon_animation\" style=\"margin: 0 0 20px 0; \"><i class=\"qode_icon_font_awesome fa fa-phone qode_icon_element\" style=\"color: #ffffff;\" ><\/i><\/span>[vc_column_text]<span class=\"white\">+39 0574 590966<br \/>\n+39 0574 596673<\/span>[\/vc_column_text][\/vc_column_inner][vc_column_inner width=&#8221;1\/3&#8243;]<span data-type=\"normal\" data-hover-icon-color=\"#00466f\" class=\"qode_icon_shortcode  q_font_awsome_icon fa-3x  q_icon_animation\" style=\"margin: 0 0 20px 0; \"><i class=\"qode_icon_font_awesome fa fa-envelope qode_icon_element\" style=\"color: #ffffff;\" ><\/i><\/span>[vc_column_text]<span class=\"white\"><strong>Commerciale:<\/strong> <a href=\"mailto:comm@mazzonitermotecnica.it\">comm@mazzonitermotecnica.it<\/a><br \/>\n<strong>Amministrazione:<\/strong> <a href=\"mailto:amm@mazzonitermotecnica.it\">amm@mazzonitermotecnica.it<\/a><br \/>\n<strong>Informazioni: <\/strong><a href=\"mailto:info@mazzonitermotecnica.it\">info@mazzonitermotecnica.it<\/a><\/span>[\/vc_column_text][\/vc_column_inner][\/vc_row_inner][\/vc_column][\/vc_row]<\/p>\n","protected":false},"excerpt":{"rendered":"<p>[vc_row css_animation=&#8221;&#8221; row_type=&#8221;row&#8221; use_row_as_full_screen_section=&#8221;no&#8221; type=&#8221;grid&#8221; angled_section=&#8221;no&#8221; text_align=&#8221;center&#8221; background_image_as_pattern=&#8221;without_pattern&#8221; el_class=&#8221;py-5&#8243; z_index=&#8221;&#8221;][vc_column width=&#8221;1\/2&#8243;][vc_column_text] Oltre mezzo secolo di attivit\u00e0 ed esperienza nel settore termotecnico [\/vc_column_text][vc_column_text]Forte dell&#8217;esperienza acquisita negli anni, l&#8217;azienda fornisce materiali di alta tecnologia impiegati in grandi industrie regionali e nazionali, oltre alle molte aziende presenti sul&#8230;<\/p>\n","protected":false},"author":1,"featured_media":0,"parent":0,"menu_order":0,"comment_status":"closed","ping_status":"closed","template":"full_width.php","meta":{"footnotes":""},"_links":{"self":[{"href":"https:\/\/www.mazzonitermotecnica.it\/index.php\/wp-json\/wp\/v2\/pages\/23"}],"collection":[{"href":"https:\/\/www.mazzonitermotecnica.it\/index.php\/wp-json\/wp\/v2\/pages"}],"about":[{"href":"https:\/\/www.mazzonitermotecnica.it\/index.php\/wp-json\/wp\/v2\/types\/page"}],"author":[{"embeddable":true,"href":"https:\/\/www.mazzonitermotecnica.it\/index.php\/wp-json\/wp\/v2\/users\/1"}],"replies":[{"embeddable":true,"href":"https:\/\/www.mazzonitermotecnica.it\/index.php\/wp-json\/wp\/v2\/comments?post=23"}],"version-history":[{"count":73,"href":"https:\/\/www.mazzonitermotecnica.it\/index.php\/wp-json\/wp\/v2\/pages\/23\/revisions"}],"predecessor-version":[{"id":1135,"href":"https:\/\/www.mazzonitermotecnica.it\/index.php\/wp-json\/wp\/v2\/pages\/23\/revisions\/1135"}],"wp:attachment":[{"href":"https:\/\/www.mazzonitermotecnica.it\/index.php\/wp-json\/wp\/v2\/media?parent=23"}],"curies":[{"name":"wp","href":"https:\/\/api.w.org\/{rel}","templated":true}]}}